{"id":166,"date":"2025-12-03T14:49:20","date_gmt":"2025-12-03T14:49:20","guid":{"rendered":"https:\/\/rcm2026.com\/?page_id=166"},"modified":"2026-03-19T20:24:07","modified_gmt":"2026-03-19T20:24:07","slug":"acceuil","status":"publish","type":"page","link":"https:\/\/rcm2026.com\/","title":{"rendered":"ACCUEIL"},"content":{"rendered":"\n<p>Bienvenue, ce site a pour but de mettre \u00e0 disposition tous les tracts de la liste Revoir Clair \u00e0 Marsac-sur-l&rsquo;Isle et leurs annexes ou documents compl\u00e9mentaires. Bonne lecture !<\/p>\n\n\n\n<p><strong><mark style=\"background-color:rgba(0, 0, 0, 0)\" class=\"has-inline-color has-neve-link-hover-color-color\">TRACT 1<\/mark><\/strong> <mark style=\"background-color:rgba(0, 0, 0, 0)\" class=\"has-inline-color has-neve-link-hover-color-color\">(18\/12\/2025) <\/mark><strong><mark style=\"background-color:rgba(0, 0, 0, 0)\" class=\"has-inline-color has-nv-c-2-color\"><a href=\"http:\/\/rcm2026.com\/wp-content\/uploads\/2025\/12\/Tract-01-4-p-RCM-Un-changement-detat-desprit-au-service-de-linteret-public.pdf\" data-type=\"link\" data-id=\"http:\/\/rcm2026.com\/wp-content\/uploads\/2025\/12\/Tract-01-4-p-RCM-Un-changement-detat-desprit-au-service-de-linteret-public.pdf\" target=\"_blank\" rel=\"noreferrer noopener\">ici<\/a><\/mark><\/strong> &#8211; <strong><mark style=\"background-color:rgba(0, 0, 0, 0)\" class=\"has-inline-color has-neve-link-hover-color-color\"><a href=\"https:\/\/rcm2026.com\/wp-content\/uploads\/2025\/12\/Tract-01-4-p-RCM-Un-changement-detat-desprit-au-service-de-linteret-public.pdf\" target=\"_blank\" rel=\"noreferrer noopener\">Un changement d&rsquo;\u00e9tat d&rsquo;esprit au service de l&rsquo;int\u00e9r\u00eat public<\/a><\/mark><\/strong><br> p 1&nbsp;: premi\u00e8res propositions.<br> p 2&nbsp;: parcours de notre t\u00eate de liste.<br> p 3&nbsp;: les Maires auraient-ils abdiqu\u00e9&nbsp;? SCOT \/ PLUi.<br> p 4&nbsp;: ordures m\u00e9nag\u00e8res en collecte et en traitement.<\/p>\n\n\n\n<p><strong><mark style=\"background-color:rgba(0, 0, 0, 0)\" class=\"has-inline-color has-neve-link-hover-color-color\">TRACT <\/mark>2<\/strong> <mark style=\"background-color:rgba(0, 0, 0, 0)\" class=\"has-inline-color has-neve-link-hover-color-color\">(15\/01\/2026) <strong><mark style=\"background-color:rgba(0, 0, 0, 0)\" class=\"has-inline-color has-neve-link-hover-color-color\"><a href=\"http:\/\/rcm2026.com\/wp-content\/uploads\/2026\/01\/Tract-02-4-p-Vie-Associative-Sportive-Culturelle-et-Festive.pdf\" target=\"_blank\" rel=\"noreferrer noopener\">ici<\/a><\/mark><\/strong><\/mark> &#8211; <mark style=\"background-color:rgba(0, 0, 0, 0)\" class=\"has-inline-color has-neve-link-hover-color-color\"><strong><mark style=\"background-color:rgba(0, 0, 0, 0)\" class=\"has-inline-color has-neve-link-hover-color-color\"><a href=\"http:\/\/rcm2026.com\/wp-content\/uploads\/2026\/01\/Tract-02-4-p-Vie-Associative-Sportive-Culturelle-et-Festive.pdf\" target=\"_blank\" rel=\"noreferrer noopener\">Vie Associative Sportive Culturelle et Festive<\/a><\/mark><\/strong><\/mark><br> p 1&nbsp;et 2 : constat.<br> p 3&nbsp;: propositions.<br> p 4&nbsp;: notre rivi\u00e8re l&rsquo;Isle &#8211; constat et propositions.<\/p>\n\n\n\n<p><strong><mark style=\"background-color:rgba(0, 0, 0, 0)\" class=\"has-inline-color has-neve-link-hover-color-color\">TRACT <\/mark>3<\/strong> <mark style=\"background-color:rgba(0, 0, 0, 0)\" class=\"has-inline-color has-neve-link-hover-color-color\">(05\/02\/2026) <strong><mark style=\"background-color:rgba(0, 0, 0, 0)\" class=\"has-inline-color has-neve-link-hover-color-color\"><a href=\"http:\/\/rcm2026.com\/wp-content\/uploads\/2026\/02\/Tract-03-4-p-Presentation-des-Candidats-de-la-Liste-Revoir-Clair-a-Marsac-sur-lIsle.pdf\" target=\"_blank\" rel=\"noreferrer noopener\">ici<\/a><\/mark><\/strong><\/mark> &#8211; <a href=\"http:\/\/rcm2026.com\/wp-content\/uploads\/2026\/02\/Tract-03-4-p-Presentation-des-Candidats-de-la-Liste-Revoir-Clair-a-Marsac-sur-lIsle.pdf\" target=\"_blank\" rel=\"noreferrer noopener\"><strong>Pr\u00e9sentation des Candidats de la liste Revoir Clair \u00e0 Marsac-sur-l&rsquo;Isle<\/strong><\/a><br><strong><mark style=\"background-color:rgba(0, 0, 0, 0)\" class=\"has-inline-color has-neve-link-hover-color-color\">TRACT 4 <\/mark><\/strong><mark style=\"background-color:rgba(0, 0, 0, 0)\" class=\"has-inline-color has-neve-link-hover-color-color\">(12\/02\/2026) <\/mark><a href=\"http:\/\/rcm2026.com\/wp-content\/uploads\/2026\/02\/Tract-04-4-p-Urbanisme-et-Logement.pdf\" target=\"_blank\" rel=\"noreferrer noopener\"><strong>ici<\/strong><\/a> &#8211; <strong><a href=\"http:\/\/rcm2026.com\/wp-content\/uploads\/2026\/02\/Tract-04-4-p-Urbanisme-et-Logement.pdf\" target=\"_blank\" rel=\"noreferrer noopener\">Urbanisme et Logement<\/a><\/strong><\/p>\n\n\n\n<p><strong><mark style=\"background-color:rgba(0, 0, 0, 0)\" class=\"has-inline-color has-neve-link-hover-color-color\">TRACT 5 <\/mark><\/strong><mark style=\"background-color:rgba(0, 0, 0, 0)\" class=\"has-inline-color has-neve-link-hover-color-color\">(19\/02\/2026)<\/mark> <strong><a href=\"http:\/\/rcm2026.com\/wp-content\/uploads\/2026\/02\/Tract-05-4-p-Investissements-et-Finance.pdf\" target=\"_blank\" rel=\"noreferrer noopener\">ici<\/a> &#8211; <a href=\"http:\/\/rcm2026.com\/wp-content\/uploads\/2026\/02\/Tract-05-4-p-Investissements-et-Finance.pdf\" target=\"_blank\" rel=\"noreferrer noopener\">Investissements et Finance<\/a><\/strong><\/p>\n\n\n\n<p><strong><mark style=\"background-color:rgba(0, 0, 0, 0)\" class=\"has-inline-color has-neve-link-hover-color-color\">TRACT 6 <\/mark><\/strong><mark style=\"background-color:rgba(0, 0, 0, 0)\" class=\"has-inline-color has-neve-link-hover-color-color\">(26\/02\/2026)<\/mark> <a href=\"http:\/\/rcm2026.com\/wp-content\/uploads\/2026\/02\/Tract-06-4-p-Une-Mairie-plus-Ouverte-et-Synthese-des-Propositions.pdf\" target=\"_blank\" rel=\"noreferrer noopener\"><strong>ici<\/strong><\/a><strong> &#8211; <a href=\"http:\/\/rcm2026.com\/wp-content\/uploads\/2026\/02\/Tract-06-4-p-Une-Mairie-plus-Ouverte-et-Synthese-des-Propositions.pdf\" target=\"_blank\" rel=\"noreferrer noopener\">Une Mairie plus Ouverte et Synth\u00e8se des Propositions<\/a><\/strong><\/p>\n\n\n\n<p><strong><mark style=\"background-color:rgba(0, 0, 0, 0)\" class=\"has-inline-color has-neve-link-hover-color-color\">TRACT 7 <\/mark><\/strong><mark style=\"background-color:rgba(0, 0, 0, 0)\" class=\"has-inline-color has-neve-link-hover-color-color\">(19\/03\/2026)<\/mark> <strong><a href=\"http:\/\/rcm2026.com\/wp-content\/uploads\/2026\/03\/Tract-07-Propositions-distinctives.pdf\" data-type=\"page\" data-id=\"166\">ici<\/a> &#8211; <a href=\"http:\/\/rcm2026.com\/wp-content\/uploads\/2026\/03\/Tract-07-Propositions-distinctives.pdf\" data-type=\"link\" data-id=\"http:\/\/rcm2026.com\/wp-content\/uploads\/2026\/03\/Tract-07-Propositions-distinctives.pdf\">Propositions distinctives<\/a><\/strong><\/p>\n\n\n\n<p><strong><mark style=\"background-color:rgba(0, 0, 0, 0)\" class=\"has-inline-color has-neve-link-hover-color-color\">TRACT 8 <\/mark><\/strong><mark style=\"background-color:rgba(0, 0, 0, 0)\" class=\"has-inline-color has-neve-link-hover-color-color\">(20\/03\/2026)<\/mark> <strong><a href=\"http:\/\/rcm2026.com\/wp-content\/uploads\/2026\/03\/Tract-08-Ce-que-peut-faire-une-Commune-a-taille-humaine-qui-entend-le-rester.pdf\">ici<\/a> &#8211; <a href=\"http:\/\/rcm2026.com\/wp-content\/uploads\/2026\/03\/Tract-08-Ce-que-peut-faire-une-Commune-a-taille-humaine-qui-entend-le-rester.pdf\" data-type=\"link\" data-id=\"http:\/\/rcm2026.com\/wp-content\/uploads\/2026\/03\/Tract-08-Ce-que-peut-faire-une-Commune-a-taille-humaine-qui-entend-le-rester.pdf\">Ce que peut faire une Commune \u00e0 taille humaine qui entend le rester<\/a><\/strong><\/p>\n\n\n\n<p>Pour nous adresser un courriel: <a href=\"mailto:contact@rcm2026.com\">contact@rcm2026.com<\/a><\/p>\n\n\n\n<figure class=\"wp-block-gallery has-nested-images columns-default is-cropped wp-block-gallery-1 is-layout-flex wp-block-gallery-is-layout-flex\">\n<figure class=\"wp-block-image size-large\"><img loading=\"lazy\" decoding=\"async\" width=\"1013\" height=\"956\" data-id=\"227\" src=\"https:\/\/rcm2026.com\/wp-content\/uploads\/2025\/12\/Logo-RCM-2022-1212.jpg\" alt=\"\" class=\"wp-image-227\" srcset=\"https:\/\/rcm2026.com\/wp-content\/uploads\/2025\/12\/Logo-RCM-2022-1212.jpg 1013w, https:\/\/rcm2026.com\/wp-content\/uploads\/2025\/12\/Logo-RCM-2022-1212-300x283.jpg 300w, https:\/\/rcm2026.com\/wp-content\/uploads\/2025\/12\/Logo-RCM-2022-1212-768x725.jpg 768w\" sizes=\"auto, (max-width: 1013px) 100vw, 1013px\" \/><\/figure>\n<\/figure>\n\n\n\n<p><\/p>\n","protected":false},"excerpt":{"rendered":"<p>Bienvenue, ce site a pour but de mettre \u00e0 disposition tous les tracts de la liste Revoir Clair \u00e0 Marsac-sur-l&rsquo;Isle et leurs annexes ou documents compl\u00e9mentaires. Bonne lecture ! TRACT 1 (18\/12\/2025) ici &#8211; Un changement d&rsquo;\u00e9tat d&rsquo;esprit au service de l&rsquo;int\u00e9r\u00eat public p 1&nbsp;: premi\u00e8res propositions. p 2&nbsp;: parcours de notre t\u00eate de liste.&hellip;&nbsp;<a href=\"https:\/\/rcm2026.com\/\" rel=\"bookmark\"><span class=\"screen-reader-text\">ACCUEIL<\/span><\/a><\/p>\n","protected":false},"author":1,"featured_media":0,"parent":0,"menu_order":0,"comment_status":"closed","ping_status":"closed","template":"","meta":{"neve_meta_sidebar":"","neve_meta_container":"","neve_meta_enable_content_width":"","neve_meta_content_width":0,"neve_meta_title_alignment":"","neve_meta_author_avatar":"","neve_post_elements_order":"","neve_meta_disable_header":"","neve_meta_disable_footer":"","neve_meta_disable_title":"","footnotes":""},"class_list":["post-166","page","type-page","status-publish","hentry"],"_links":{"self":[{"href":"https:\/\/rcm2026.com\/index.php\/wp-json\/wp\/v2\/pages\/166","targetHints":{"allow":["GET"]}}],"collection":[{"href":"https:\/\/rcm2026.com\/index.php\/wp-json\/wp\/v2\/pages"}],"about":[{"href":"https:\/\/rcm2026.com\/index.php\/wp-json\/wp\/v2\/types\/page"}],"author":[{"embeddable":true,"href":"https:\/\/rcm2026.com\/index.php\/wp-json\/wp\/v2\/users\/1"}],"replies":[{"embeddable":true,"href":"https:\/\/rcm2026.com\/index.php\/wp-json\/wp\/v2\/comments?post=166"}],"version-history":[{"count":46,"href":"https:\/\/rcm2026.com\/index.php\/wp-json\/wp\/v2\/pages\/166\/revisions"}],"predecessor-version":[{"id":385,"href":"https:\/\/rcm2026.com\/index.php\/wp-json\/wp\/v2\/pages\/166\/revisions\/385"}],"wp:attachment":[{"href":"https:\/\/rcm2026.com\/index.php\/wp-json\/wp\/v2\/media?parent=166"}],"curies":[{"name":"wp","href":"https:\/\/api.w.org\/{rel}","templated":true}]}}